{"id":3975,"date":"2025-11-11T15:39:31","date_gmt":"2025-11-11T13:39:31","guid":{"rendered":"https:\/\/norrestaurant.com\/nova-grups-i-esdeveniments\/"},"modified":"2025-11-24T12:47:01","modified_gmt":"2025-11-24T10:47:01","slug":"groupes-evenements","status":"publish","type":"page","link":"https:\/\/norrestaurant.com\/fr\/groupes-evenements\/","title":{"rendered":"NOVA &#8211; Grups i esdeveniments"},"content":{"rendered":"\t\t<div data-elementor-type=\"wp-post\" data-elementor-id=\"3975\" class=\"elementor elementor-3975 elementor-3772\">\n\t\t\t\t\t\t<section class=\"elementor-section elementor-top-section elementor-element elementor-element-897d016 elementor-section-full_width elementor-section-stretched elementor-section-height-default elementor-section-height-default\" data-id=\"897d016\" data-element_type=\"section\" data-e-type=\"section\" data-settings=\"{&quot;stretch_section&quot;:&quot;section-stretched&quot;}\">\n\t\t\t\t\t\t<div class=\"elementor-container elementor-column-gap-default\">\n\t\t\t\t\t<div class=\"elementor-column elementor-col-100 elementor-top-column elementor-element elementor-element-c596aad\" data-id=\"c596aad\" data-element_type=\"column\" data-e-type=\"column\">\n\t\t\t<div class=\"elementor-widget-wrap elementor-element-populated\">\n\t\t\t\t\t\t<section class=\"elementor-section elementor-inner-section elementor-element elementor-element-35616d1 elementor-section-boxed elementor-section-height-default elementor-section-height-default\" data-id=\"35616d1\" data-element_type=\"section\" data-e-type=\"section\">\n\t\t\t\t\t\t<div class=\"elementor-container elementor-column-gap-default\">\n\t\t\t\t\t<div class=\"elementor-column elementor-col-33 elementor-inner-column elementor-element elementor-element-209fcf0\" data-id=\"209fcf0\" data-element_type=\"column\" data-e-type=\"column\">\n\t\t\t<div class=\"elementor-widget-wrap elementor-element-populated\">\n\t\t\t\t\t\t<div class=\"elementor-element elementor-element-cf5805e elementor-widget elementor-widget-heading\" data-id=\"cf5805e\" data-element_type=\"widget\" data-e-type=\"widget\" data-widget_type=\"heading.default\">\n\t\t\t\t<div class=\"elementor-widget-container\">\n\t\t\t\t\t<h1 class=\"elementor-heading-title elementor-size-default\">\u00c9v\u00e9nements<br>et groupes<\/h1>\t\t\t\t<\/div>\n\t\t\t\t<\/div>\n\t\t\t\t<div class=\"elementor-element elementor-element-5f490f0 elementor-widget elementor-widget-text-editor\" data-id=\"5f490f0\" data-element_type=\"widget\" data-e-type=\"widget\" data-widget_type=\"text-editor.default\">\n\t\t\t\t<div class=\"elementor-widget-container\">\n\t\t\t\t\t\t\t\t\t<p data-start=\"238\" data-end=\"307\">Deux ambiances diff\u00e9rentes, un m\u00eame esprit : une cuisine raffin\u00e9e, des produits de qualit\u00e9 et une atmosph\u00e8re authentique au c\u0153ur des montagnes. Que ce soit pour un anniversaire, une r\u00e9union d&rsquo;affaires ou une rencontre entre amis, vous contribuez \u00e0 cr\u00e9er l&rsquo;exp\u00e9rience id\u00e9ale pour votre groupe, aussi bien au restaurant N\u00f8r qu&rsquo;\u00e0 Sa Terrasseta ;<b>&nbsp;<\/b>L&rsquo;espace qui s&rsquo;adapte le mieux \u00e0 vos besoins.&nbsp;<\/p>\n<p data-start=\"796\" data-end=\"908\"><strong data-start=\"799\" data-end=\"825\">Contactez-nous pour r\u00e9server<\/strong> ou obtenir plus d&rsquo;informations sur nos d\u00eeners de groupe et \u00e9v\u00e9nements sur mesure \u2013 nous ferons de votre \u00e9v\u00e9nement un moment unique.<\/p>\t\t\t\t\t\t\t\t<\/div>\n\t\t\t\t<\/div>\n\t\t\t\t\t<\/div>\n\t\t<\/div>\n\t\t\t\t<div class=\"elementor-column elementor-col-33 elementor-inner-column elementor-element elementor-element-5c77bff\" data-id=\"5c77bff\" data-element_type=\"column\" data-e-type=\"column\">\n\t\t\t<div class=\"elementor-widget-wrap elementor-element-populated\">\n\t\t\t\t\t\t<div class=\"elementor-element elementor-element-3302fb3 elementor-widget elementor-widget-image\" data-id=\"3302fb3\" data-element_type=\"widget\" data-e-type=\"widget\" data-widget_type=\"image.default\">\n\t\t\t\t<div class=\"elementor-widget-container\">\n\t\t\t\t\t\t\t\t\t\t\t\t\t\t\t<img decoding=\"async\" src=\"https:\/\/norrestaurant.com\/wp-content\/uploads\/elementor\/thumbs\/NOR-estatica-home-1-e1701019422175-qfxtag2vukfy5hlccsfvv18c2o3gssn0so7jkj4z9c.jpg\" title=\"N\u00d8R estatica home 1\" alt=\"N\u00d8R estatica home 1\" loading=\"lazy\" \/>\t\t\t\t\t\t\t\t\t\t\t\t\t\t\t<\/div>\n\t\t\t\t<\/div>\n\t\t\t\t\t<\/div>\n\t\t<\/div>\n\t\t\t\t<div class=\"elementor-column elementor-col-33 elementor-inner-column elementor-element elementor-element-c47cfc0\" data-id=\"c47cfc0\" data-element_type=\"column\" data-e-type=\"column\">\n\t\t\t<div class=\"elementor-widget-wrap elementor-element-populated\">\n\t\t\t\t\t\t<div class=\"elementor-element elementor-element-a71fc37 elementor-widget elementor-widget-image\" data-id=\"a71fc37\" data-element_type=\"widget\" data-e-type=\"widget\" data-widget_type=\"image.default\">\n\t\t\t\t<div class=\"elementor-widget-container\">\n\t\t\t\t\t\t\t\t\t\t\t\t\t\t\t<img decoding=\"async\" src=\"https:\/\/norrestaurant.com\/wp-content\/uploads\/elementor\/thumbs\/Restaurant-Nor_0305-rek2p4wg2fg765agdsgkrvh1vm7scrsqy5g11b6hs0.jpg\" title=\"Restaurant N\u00f8r_0305\" alt=\"Restaurant N\u00f8r\" loading=\"lazy\" \/>\t\t\t\t\t\t\t\t\t\t\t\t\t\t\t<\/div>\n\t\t\t\t<\/div>\n\t\t\t\t\t<\/div>\n\t\t<\/div>\n\t\t\t\t\t<\/div>\n\t\t<\/section>\n\t\t\t\t\t<\/div>\n\t\t<\/div>\n\t\t\t\t\t<\/div>\n\t\t<\/section>\n\t\t\t\t<section class=\"elementor-section elementor-top-section elementor-element elementor-element-0aba23f elementor-section-full_width elementor-section-height-default elementor-section-height-default\" data-id=\"0aba23f\" data-element_type=\"section\" data-e-type=\"section\">\n\t\t\t\t\t\t<div class=\"elementor-container elementor-column-gap-default\">\n\t\t\t\t\t<div class=\"elementor-column elementor-col-100 elementor-top-column elementor-element elementor-element-333d6f5\" data-id=\"333d6f5\" data-element_type=\"column\" data-e-type=\"column\">\n\t\t\t<div class=\"elementor-widget-wrap elementor-element-populated\">\n\t\t\t\t\t\t<section class=\"elementor-section elementor-inner-section elementor-element elementor-element-33b4dbb elementor-section-boxed elementor-section-height-default elementor-section-height-default\" data-id=\"33b4dbb\" data-element_type=\"section\" data-e-type=\"section\">\n\t\t\t\t\t\t<div class=\"elementor-container elementor-column-gap-default\">\n\t\t\t\t\t<div class=\"elementor-column elementor-col-100 elementor-inner-column elementor-element elementor-element-730f946\" data-id=\"730f946\" data-element_type=\"column\" data-e-type=\"column\">\n\t\t\t<div class=\"elementor-widget-wrap elementor-element-populated\">\n\t\t\t\t\t\t<div class=\"elementor-element elementor-element-57db501 contacto elementor-widget elementor-widget-shortcode\" data-id=\"57db501\" data-element_type=\"widget\" data-e-type=\"widget\" data-widget_type=\"shortcode.default\">\n\t\t\t\t<div class=\"elementor-widget-container\">\n\t\t\t\t\t\t\t<div class=\"elementor-shortcode\">\n<div class=\"wpcf7 no-js\" id=\"wpcf7-f1697-o1\" lang=\"fr-FR\" dir=\"ltr\" data-wpcf7-id=\"1697\">\n<div class=\"screen-reader-response\"><p role=\"status\" aria-live=\"polite\" aria-atomic=\"true\"><\/p> <ul><\/ul><\/div>\n<form action=\"\/fr\/wp-json\/wp\/v2\/pages\/3975#wpcf7-f1697-o1\" method=\"post\" class=\"wpcf7-form init\" aria-label=\"Formulaire de contact\" novalidate=\"novalidate\" data-status=\"init\">\n<fieldset class=\"hidden-fields-container\"><input type=\"hidden\" name=\"_wpcf7\" value=\"1697\" \/><input type=\"hidden\" name=\"_wpcf7_version\" value=\"6.1.5\" \/><input type=\"hidden\" name=\"_wpcf7_locale\" value=\"fr_FR\" \/><input type=\"hidden\" name=\"_wpcf7_unit_tag\" value=\"wpcf7-f1697-o1\" \/><input type=\"hidden\" name=\"_wpcf7_container_post\" value=\"0\" \/><input type=\"hidden\" name=\"_wpcf7_posted_data_hash\" value=\"\" \/><input type=\"hidden\" name=\"_wpcf7_recaptcha_response\" value=\"\" \/>\n<\/fieldset>\n<div class=\"row-form\">\n\t<p><span class=\"wpcf7-form-control-wrap\" data-name=\"your-name\"><input size=\"40\" maxlength=\"400\" class=\"wpcf7-form-control wpcf7-text wpcf7-validates-as-required\" autocomplete=\"name\" aria-required=\"true\" aria-invalid=\"false\" placeholder=\"Nom et pr\u00e9nom\" value=\"\" type=\"text\" name=\"your-name\" \/><\/span>\n\t<\/p>\n\t<p><span class=\"wpcf7-form-control-wrap\" data-name=\"tel-796\"><input size=\"40\" maxlength=\"400\" class=\"wpcf7-form-control wpcf7-tel wpcf7-text wpcf7-validates-as-tel\" aria-invalid=\"false\" placeholder=\"T\u00e9l\u00e9phone\" value=\"\" type=\"tel\" name=\"tel-796\" \/><\/span>\n\t<\/p>\n\t<p><span class=\"wpcf7-form-control-wrap\" data-name=\"your-email\"><input size=\"40\" maxlength=\"400\" class=\"wpcf7-form-control wpcf7-email wpcf7-validates-as-required wpcf7-text wpcf7-validates-as-email\" autocomplete=\"email\" aria-required=\"true\" aria-invalid=\"false\" placeholder=\"Courriel\" value=\"\" type=\"email\" name=\"your-email\" \/><\/span>\n\t<\/p>\n<\/div>\n<div class=\"row-form1\">\n\t<p><span class=\"wpcf7-form-control-wrap\" data-name=\"your-message\"><textarea cols=\"40\" rows=\"10\" maxlength=\"2000\" class=\"wpcf7-form-control wpcf7-textarea\" aria-invalid=\"false\" placeholder=\"Comment pouvons-nous vous aider ? Dites-nous ce dont vous avez besoin !\" name=\"your-message\"><\/textarea><\/span>\n\t<\/p>\n\t<p>Nous utiliserons ces donn\u00e9es exclusivement pour traiter votre demande et pour vous informer sur les nouveaux produits et les nouvelles qui vous int\u00e9ressent. Nous ne partageons pas vos donn\u00e9es avec des tiers. Dans notre politique de confidentialit\u00e9, vous trouverez des informations compl\u00e9mentaires sur ce traitement et sur la mani\u00e8re d'exercer vos droits d'acc\u00e8s, de rectification et de suppression, entre autres.\n\t<\/p>\n\t<p><input class=\"wpcf7-form-control wpcf7-submit has-spinner\" type=\"submit\" value=\"Envoyer\" \/>\n\t<\/p>\n<\/div><div class=\"wpcf7-response-output\" aria-hidden=\"true\"><\/div>\n<\/form>\n<\/div>\n<\/div>\n\t\t\t\t\t\t<\/div>\n\t\t\t\t<\/div>\n\t\t\t\t\t<\/div>\n\t\t<\/div>\n\t\t\t\t\t<\/div>\n\t\t<\/section>\n\t\t\t\t\t<\/div>\n\t\t<\/div>\n\t\t\t\t\t<\/div>\n\t\t<\/section>\n\t\t\t\t<section class=\"elementor-section elementor-top-section elementor-element elementor-element-51cfcfc elementor-section-full_width elementor-section-stretched elementor-section-height-default elementor-section-height-default\" data-id=\"51cfcfc\" data-element_type=\"section\" data-e-type=\"section\" data-settings=\"{&quot;stretch_section&quot;:&quot;section-stretched&quot;}\">\n\t\t\t\t\t\t<div class=\"elementor-container elementor-column-gap-default\">\n\t\t\t\t\t<div class=\"elementor-column elementor-col-100 elementor-top-column elementor-element elementor-element-8db97c0\" data-id=\"8db97c0\" data-element_type=\"column\" data-e-type=\"column\">\n\t\t\t<div class=\"elementor-widget-wrap elementor-element-populated\">\n\t\t\t\t\t\t<div class=\"elementor-element elementor-element-d7da140 elementor-widget-divider--view-line elementor-widget elementor-widget-divider\" data-id=\"d7da140\" data-element_type=\"widget\" data-e-type=\"widget\" data-widget_type=\"divider.default\">\n\t\t\t\t<div class=\"elementor-widget-container\">\n\t\t\t\t\t\t\t<div class=\"elementor-divider\">\n\t\t\t<span class=\"elementor-divider-separator\">\n\t\t\t\t\t\t<\/span>\n\t\t<\/div>\n\t\t\t\t\t\t<\/div>\n\t\t\t\t<\/div>\n\t\t\t\t\t<\/div>\n\t\t<\/div>\n\t\t\t\t\t<\/div>\n\t\t<\/section>\n\t\t\t\t<\/div>\n\t\t","protected":false},"excerpt":{"rendered":"<p>\u00c9v\u00e9nementset groupes Deux ambiances diff\u00e9rentes, un m\u00eame esprit : une cuisine raffin\u00e9e, des produits de qualit\u00e9 et une atmosph\u00e8re authentique au c\u0153ur des montagnes. Que ce soit pour un anniversaire, une r\u00e9union d&rsquo;affaires ou une rencontre entre amis, vous contribuez \u00e0 cr\u00e9er l&rsquo;exp\u00e9rience id\u00e9ale pour votre groupe, aussi bien au restaurant N\u00f8r qu&rsquo;\u00e0 Sa Terrasseta &#8230; <a title=\"NOVA &#8211; Grups i esdeveniments\" class=\"read-more\" href=\"https:\/\/norrestaurant.com\/fr\/groupes-evenements\/\" aria-label=\"En savoir plus sur NOVA &#8211; Grups i esdeveniments\">Lire la suite<\/a><\/p>\n","protected":false},"author":3,"featured_media":0,"parent":0,"menu_order":0,"comment_status":"closed","ping_status":"closed","template":"elementor_header_footer","meta":{"footnotes":""},"class_list":["post-3975","page","type-page","status-publish"],"yoast_head":"<!-- This site is optimized with the Yoast SEO plugin v27.4 - https:\/\/yoast.com\/product\/yoast-seo-wordpress\/ -->\n<title>Groupes et \u00e9v\u00e9nements | Restaurant N\u00f8r | Sa Terrasseta<\/title>\n<meta name=\"description\" content=\"Nous organisons des d\u00eeners de groupe et des \u00e9v\u00e9nements sur mesure. R\u00e9unions professionnelles, familiales ou entre amis. Contactez-nous !\" \/>\n<meta name=\"robots\" content=\"index, follow, max-snippet:-1, max-image-preview:large, max-video-preview:-1\" \/>\n<link rel=\"canonical\" href=\"https:\/\/norrestaurant.com\/fr\/groupes-evenements\/\" \/>\n<meta property=\"og:locale\" content=\"fr_FR\" \/>\n<meta property=\"og:type\" content=\"article\" \/>\n<meta property=\"og:title\" content=\"Groupes et \u00e9v\u00e9nements | Restaurant N\u00f8r | Sa Terrasseta\" \/>\n<meta property=\"og:description\" content=\"Nous organisons des d\u00eeners de groupe et des \u00e9v\u00e9nements sur mesure. R\u00e9unions professionnelles, familiales ou entre amis. Contactez-nous !\" \/>\n<meta property=\"og:url\" content=\"https:\/\/norrestaurant.com\/fr\/groupes-evenements\/\" \/>\n<meta property=\"og:site_name\" content=\"N\u00f8r Restaurant | Sa Terrasseta\" \/>\n<meta property=\"article:modified_time\" content=\"2025-11-24T10:47:01+00:00\" \/>\n<meta property=\"og:image\" content=\"https:\/\/norrestaurant.com\/wp-content\/uploads\/elementor\/thumbs\/NOR-estatica-home-1-e1701019422175-qfxtag2vukfy5hlccsfvv18c2o3gssn0so7jkj4z9c.jpg\" \/>\n<meta name=\"twitter:card\" content=\"summary_large_image\" \/>\n<meta name=\"twitter:label1\" content=\"Dur\u00e9e de lecture estim\u00e9e\" \/>\n\t<meta name=\"twitter:data1\" content=\"1 minute\" \/>\n<script type=\"application\/ld+json\" class=\"yoast-schema-graph\">{\"@context\":\"https:\\\/\\\/schema.org\",\"@graph\":[{\"@type\":\"WebPage\",\"@id\":\"https:\\\/\\\/norrestaurant.com\\\/fr\\\/groupes-evenements\\\/\",\"url\":\"https:\\\/\\\/norrestaurant.com\\\/fr\\\/groupes-evenements\\\/\",\"name\":\"Groupes et \u00e9v\u00e9nements | Restaurant N\u00f8r | Sa Terrasseta\",\"isPartOf\":{\"@id\":\"https:\\\/\\\/norrestaurant.com\\\/#website\"},\"primaryImageOfPage\":{\"@id\":\"https:\\\/\\\/norrestaurant.com\\\/fr\\\/groupes-evenements\\\/#primaryimage\"},\"image\":{\"@id\":\"https:\\\/\\\/norrestaurant.com\\\/fr\\\/groupes-evenements\\\/#primaryimage\"},\"thumbnailUrl\":\"https:\\\/\\\/norrestaurant.com\\\/wp-content\\\/uploads\\\/elementor\\\/thumbs\\\/NOR-estatica-home-1-e1701019422175-qfxtag2vukfy5hlccsfvv18c2o3gssn0so7jkj4z9c.jpg\",\"datePublished\":\"2025-11-11T13:39:31+00:00\",\"dateModified\":\"2025-11-24T10:47:01+00:00\",\"description\":\"Nous organisons des d\u00eeners de groupe et des \u00e9v\u00e9nements sur mesure. R\u00e9unions professionnelles, familiales ou entre amis. Contactez-nous !\",\"breadcrumb\":{\"@id\":\"https:\\\/\\\/norrestaurant.com\\\/fr\\\/groupes-evenements\\\/#breadcrumb\"},\"inLanguage\":\"fr-FR\",\"potentialAction\":[{\"@type\":\"ReadAction\",\"target\":[\"https:\\\/\\\/norrestaurant.com\\\/fr\\\/groupes-evenements\\\/\"]}]},{\"@type\":\"ImageObject\",\"inLanguage\":\"fr-FR\",\"@id\":\"https:\\\/\\\/norrestaurant.com\\\/fr\\\/groupes-evenements\\\/#primaryimage\",\"url\":\"https:\\\/\\\/norrestaurant.com\\\/wp-content\\\/uploads\\\/elementor\\\/thumbs\\\/NOR-estatica-home-1-e1701019422175-qfxtag2vukfy5hlccsfvv18c2o3gssn0so7jkj4z9c.jpg\",\"contentUrl\":\"https:\\\/\\\/norrestaurant.com\\\/wp-content\\\/uploads\\\/elementor\\\/thumbs\\\/NOR-estatica-home-1-e1701019422175-qfxtag2vukfy5hlccsfvv18c2o3gssn0so7jkj4z9c.jpg\"},{\"@type\":\"BreadcrumbList\",\"@id\":\"https:\\\/\\\/norrestaurant.com\\\/fr\\\/groupes-evenements\\\/#breadcrumb\",\"itemListElement\":[{\"@type\":\"ListItem\",\"position\":1,\"name\":\"Inici\",\"item\":\"https:\\\/\\\/norrestaurant.com\\\/es\\\/\"},{\"@type\":\"ListItem\",\"position\":2,\"name\":\"NOVA &#8211; Grups i esdeveniments\"}]},{\"@type\":\"WebSite\",\"@id\":\"https:\\\/\\\/norrestaurant.com\\\/#website\",\"url\":\"https:\\\/\\\/norrestaurant.com\\\/\",\"name\":\"N\u00f8r Restaurant | Sa Terasseta\",\"description\":\"Cuina a base de foc, brasa i fum.\",\"publisher\":{\"@id\":\"https:\\\/\\\/norrestaurant.com\\\/#organization\"},\"potentialAction\":[{\"@type\":\"SearchAction\",\"target\":{\"@type\":\"EntryPoint\",\"urlTemplate\":\"https:\\\/\\\/norrestaurant.com\\\/?s={search_term_string}\"},\"query-input\":{\"@type\":\"PropertyValueSpecification\",\"valueRequired\":true,\"valueName\":\"search_term_string\"}}],\"inLanguage\":\"fr-FR\"},{\"@type\":\"Organization\",\"@id\":\"https:\\\/\\\/norrestaurant.com\\\/#organization\",\"name\":\"N\u00f8r Restaurant | Sa Terasseta\",\"url\":\"https:\\\/\\\/norrestaurant.com\\\/\",\"logo\":{\"@type\":\"ImageObject\",\"inLanguage\":\"fr-FR\",\"@id\":\"https:\\\/\\\/norrestaurant.com\\\/#\\\/schema\\\/logo\\\/image\\\/\",\"url\":\"https:\\\/\\\/norrestaurant.com\\\/wp-content\\\/uploads\\\/2023\\\/08\\\/Logos-Combinats.jpg\",\"contentUrl\":\"https:\\\/\\\/norrestaurant.com\\\/wp-content\\\/uploads\\\/2023\\\/08\\\/Logos-Combinats.jpg\",\"width\":300,\"height\":180,\"caption\":\"N\u00f8r Restaurant | Sa Terasseta\"},\"image\":{\"@id\":\"https:\\\/\\\/norrestaurant.com\\\/#\\\/schema\\\/logo\\\/image\\\/\"},\"sameAs\":[\"https:\\\/\\\/www.instagram.com\\\/sa_terrasseta\",\"https:\\\/\\\/www.instagram.com\\\/norrestaurantandorra\\\/\"]}]}<\/script>\n<!-- \/ Yoast SEO plugin. -->","yoast_head_json":{"title":"Groupes et \u00e9v\u00e9nements | Restaurant N\u00f8r | Sa Terrasseta","description":"Nous organisons des d\u00eeners de groupe et des \u00e9v\u00e9nements sur mesure. R\u00e9unions professionnelles, familiales ou entre amis. Contactez-nous !","robots":{"index":"index","follow":"follow","max-snippet":"max-snippet:-1","max-image-preview":"max-image-preview:large","max-video-preview":"max-video-preview:-1"},"canonical":"https:\/\/norrestaurant.com\/fr\/groupes-evenements\/","og_locale":"fr_FR","og_type":"article","og_title":"Groupes et \u00e9v\u00e9nements | Restaurant N\u00f8r | Sa Terrasseta","og_description":"Nous organisons des d\u00eeners de groupe et des \u00e9v\u00e9nements sur mesure. R\u00e9unions professionnelles, familiales ou entre amis. Contactez-nous !","og_url":"https:\/\/norrestaurant.com\/fr\/groupes-evenements\/","og_site_name":"N\u00f8r Restaurant | Sa Terrasseta","article_modified_time":"2025-11-24T10:47:01+00:00","og_image":[{"url":"https:\/\/norrestaurant.com\/wp-content\/uploads\/elementor\/thumbs\/NOR-estatica-home-1-e1701019422175-qfxtag2vukfy5hlccsfvv18c2o3gssn0so7jkj4z9c.jpg","type":"","width":"","height":""}],"twitter_card":"summary_large_image","twitter_misc":{"Dur\u00e9e de lecture estim\u00e9e":"1 minute"},"schema":{"@context":"https:\/\/schema.org","@graph":[{"@type":"WebPage","@id":"https:\/\/norrestaurant.com\/fr\/groupes-evenements\/","url":"https:\/\/norrestaurant.com\/fr\/groupes-evenements\/","name":"Groupes et \u00e9v\u00e9nements | Restaurant N\u00f8r | Sa Terrasseta","isPartOf":{"@id":"https:\/\/norrestaurant.com\/#website"},"primaryImageOfPage":{"@id":"https:\/\/norrestaurant.com\/fr\/groupes-evenements\/#primaryimage"},"image":{"@id":"https:\/\/norrestaurant.com\/fr\/groupes-evenements\/#primaryimage"},"thumbnailUrl":"https:\/\/norrestaurant.com\/wp-content\/uploads\/elementor\/thumbs\/NOR-estatica-home-1-e1701019422175-qfxtag2vukfy5hlccsfvv18c2o3gssn0so7jkj4z9c.jpg","datePublished":"2025-11-11T13:39:31+00:00","dateModified":"2025-11-24T10:47:01+00:00","description":"Nous organisons des d\u00eeners de groupe et des \u00e9v\u00e9nements sur mesure. R\u00e9unions professionnelles, familiales ou entre amis. Contactez-nous !","breadcrumb":{"@id":"https:\/\/norrestaurant.com\/fr\/groupes-evenements\/#breadcrumb"},"inLanguage":"fr-FR","potentialAction":[{"@type":"ReadAction","target":["https:\/\/norrestaurant.com\/fr\/groupes-evenements\/"]}]},{"@type":"ImageObject","inLanguage":"fr-FR","@id":"https:\/\/norrestaurant.com\/fr\/groupes-evenements\/#primaryimage","url":"https:\/\/norrestaurant.com\/wp-content\/uploads\/elementor\/thumbs\/NOR-estatica-home-1-e1701019422175-qfxtag2vukfy5hlccsfvv18c2o3gssn0so7jkj4z9c.jpg","contentUrl":"https:\/\/norrestaurant.com\/wp-content\/uploads\/elementor\/thumbs\/NOR-estatica-home-1-e1701019422175-qfxtag2vukfy5hlccsfvv18c2o3gssn0so7jkj4z9c.jpg"},{"@type":"BreadcrumbList","@id":"https:\/\/norrestaurant.com\/fr\/groupes-evenements\/#breadcrumb","itemListElement":[{"@type":"ListItem","position":1,"name":"Inici","item":"https:\/\/norrestaurant.com\/es\/"},{"@type":"ListItem","position":2,"name":"NOVA &#8211; Grups i esdeveniments"}]},{"@type":"WebSite","@id":"https:\/\/norrestaurant.com\/#website","url":"https:\/\/norrestaurant.com\/","name":"N\u00f8r Restaurant | Sa Terasseta","description":"Cuina a base de foc, brasa i fum.","publisher":{"@id":"https:\/\/norrestaurant.com\/#organization"},"potentialAction":[{"@type":"SearchAction","target":{"@type":"EntryPoint","urlTemplate":"https:\/\/norrestaurant.com\/?s={search_term_string}"},"query-input":{"@type":"PropertyValueSpecification","valueRequired":true,"valueName":"search_term_string"}}],"inLanguage":"fr-FR"},{"@type":"Organization","@id":"https:\/\/norrestaurant.com\/#organization","name":"N\u00f8r Restaurant | Sa Terasseta","url":"https:\/\/norrestaurant.com\/","logo":{"@type":"ImageObject","inLanguage":"fr-FR","@id":"https:\/\/norrestaurant.com\/#\/schema\/logo\/image\/","url":"https:\/\/norrestaurant.com\/wp-content\/uploads\/2023\/08\/Logos-Combinats.jpg","contentUrl":"https:\/\/norrestaurant.com\/wp-content\/uploads\/2023\/08\/Logos-Combinats.jpg","width":300,"height":180,"caption":"N\u00f8r Restaurant | Sa Terasseta"},"image":{"@id":"https:\/\/norrestaurant.com\/#\/schema\/logo\/image\/"},"sameAs":["https:\/\/www.instagram.com\/sa_terrasseta","https:\/\/www.instagram.com\/norrestaurantandorra\/"]}]}},"_links":{"self":[{"href":"https:\/\/norrestaurant.com\/fr\/wp-json\/wp\/v2\/pages\/3975","targetHints":{"allow":["GET"]}}],"collection":[{"href":"https:\/\/norrestaurant.com\/fr\/wp-json\/wp\/v2\/pages"}],"about":[{"href":"https:\/\/norrestaurant.com\/fr\/wp-json\/wp\/v2\/types\/page"}],"author":[{"embeddable":true,"href":"https:\/\/norrestaurant.com\/fr\/wp-json\/wp\/v2\/users\/3"}],"replies":[{"embeddable":true,"href":"https:\/\/norrestaurant.com\/fr\/wp-json\/wp\/v2\/comments?post=3975"}],"version-history":[{"count":4,"href":"https:\/\/norrestaurant.com\/fr\/wp-json\/wp\/v2\/pages\/3975\/revisions"}],"predecessor-version":[{"id":4210,"href":"https:\/\/norrestaurant.com\/fr\/wp-json\/wp\/v2\/pages\/3975\/revisions\/4210"}],"wp:attachment":[{"href":"https:\/\/norrestaurant.com\/fr\/wp-json\/wp\/v2\/media?parent=3975"}],"curies":[{"name":"wp","href":"https:\/\/api.w.org\/{rel}","templated":true}]}}