{"id":3980,"date":"2025-11-11T15:39:31","date_gmt":"2025-11-11T13:39:31","guid":{"rendered":"https:\/\/norrestaurant.com\/nova-grups-i-esdeveniments\/"},"modified":"2025-11-24T12:49:10","modified_gmt":"2025-11-24T10:49:10","slug":"grupos-eventos","status":"publish","type":"page","link":"https:\/\/norrestaurant.com\/es\/grupos-eventos\/","title":{"rendered":"NOVA &#8211; Grups i esdeveniments"},"content":{"rendered":"\t\t<div data-elementor-type=\"wp-post\" data-elementor-id=\"3980\" class=\"elementor elementor-3980 elementor-3772\">\n\t\t\t\t\t\t<section class=\"elementor-section elementor-top-section elementor-element elementor-element-897d016 elementor-section-full_width elementor-section-stretched elementor-section-height-default elementor-section-height-default\" data-id=\"897d016\" data-element_type=\"section\" data-e-type=\"section\" data-settings=\"{&quot;stretch_section&quot;:&quot;section-stretched&quot;}\">\n\t\t\t\t\t\t<div class=\"elementor-container elementor-column-gap-default\">\n\t\t\t\t\t<div class=\"elementor-column elementor-col-100 elementor-top-column elementor-element elementor-element-c596aad\" data-id=\"c596aad\" data-element_type=\"column\" data-e-type=\"column\">\n\t\t\t<div class=\"elementor-widget-wrap elementor-element-populated\">\n\t\t\t\t\t\t<section class=\"elementor-section elementor-inner-section elementor-element elementor-element-35616d1 elementor-section-boxed elementor-section-height-default elementor-section-height-default\" data-id=\"35616d1\" data-element_type=\"section\" data-e-type=\"section\">\n\t\t\t\t\t\t<div class=\"elementor-container elementor-column-gap-default\">\n\t\t\t\t\t<div class=\"elementor-column elementor-col-33 elementor-inner-column elementor-element elementor-element-209fcf0\" data-id=\"209fcf0\" data-element_type=\"column\" data-e-type=\"column\">\n\t\t\t<div class=\"elementor-widget-wrap elementor-element-populated\">\n\t\t\t\t\t\t<div class=\"elementor-element elementor-element-cf5805e elementor-widget elementor-widget-heading\" data-id=\"cf5805e\" data-element_type=\"widget\" data-e-type=\"widget\" data-widget_type=\"heading.default\">\n\t\t\t\t<div class=\"elementor-widget-container\">\n\t\t\t\t\t<h1 class=\"elementor-heading-title elementor-size-default\">Eventos<br>y grupos<\/h1>\t\t\t\t<\/div>\n\t\t\t\t<\/div>\n\t\t\t\t<div class=\"elementor-element elementor-element-5f490f0 elementor-widget elementor-widget-text-editor\" data-id=\"5f490f0\" data-element_type=\"widget\" data-e-type=\"widget\" data-widget_type=\"text-editor.default\">\n\t\t\t\t<div class=\"elementor-widget-container\">\n\t\t\t\t\t\t\t\t\t<p data-start=\"238\" data-end=\"307\">Dos atm\u00f3sferas distintas con un mismo esp\u00edritu: buena cocina, producto de calidad y un ambiente aut\u00e9ntico y rodeado de monta\u00f1as. Ya sea un cumplea\u00f1os, una reuni\u00f3n de negocios o un viaje entre amigos, te ayudamos a crear la experiencia perfecta para tu grupo, ya sea en el Restaurante N\u00f8r como en Sa Terrasseta;<b>&nbsp;<\/b>el espacio que mejor se adapta a ti.&nbsp;<\/p>\n<p data-start=\"796\" data-end=\"908\"><strong data-start=\"799\" data-end=\"825\">Contacta con nosotros <\/strong>para reservar o pedir m\u00e1s informaci\u00f3n sobre las cenas para grupos y eventos a medida &#8211; nos encargamos de que sea un momento \u00fanico.<\/p>\t\t\t\t\t\t\t\t<\/div>\n\t\t\t\t<\/div>\n\t\t\t\t\t<\/div>\n\t\t<\/div>\n\t\t\t\t<div class=\"elementor-column elementor-col-33 elementor-inner-column elementor-element elementor-element-5c77bff\" data-id=\"5c77bff\" data-element_type=\"column\" data-e-type=\"column\">\n\t\t\t<div class=\"elementor-widget-wrap elementor-element-populated\">\n\t\t\t\t\t\t<div class=\"elementor-element elementor-element-3302fb3 elementor-widget elementor-widget-image\" data-id=\"3302fb3\" data-element_type=\"widget\" data-e-type=\"widget\" data-widget_type=\"image.default\">\n\t\t\t\t<div class=\"elementor-widget-container\">\n\t\t\t\t\t\t\t\t\t\t\t\t\t\t\t<img decoding=\"async\" src=\"https:\/\/norrestaurant.com\/wp-content\/uploads\/elementor\/thumbs\/NOR-estatica-home-1-e1701019422175-qfxtag2vukfy5hlccsfvv18c2o3gssn0so7jkj4z9c.jpg\" title=\"N\u00d8R estatica home 1\" alt=\"N\u00d8R estatica home 1\" loading=\"lazy\" \/>\t\t\t\t\t\t\t\t\t\t\t\t\t\t\t<\/div>\n\t\t\t\t<\/div>\n\t\t\t\t\t<\/div>\n\t\t<\/div>\n\t\t\t\t<div class=\"elementor-column elementor-col-33 elementor-inner-column elementor-element elementor-element-c47cfc0\" data-id=\"c47cfc0\" data-element_type=\"column\" data-e-type=\"column\">\n\t\t\t<div class=\"elementor-widget-wrap elementor-element-populated\">\n\t\t\t\t\t\t<div class=\"elementor-element elementor-element-a71fc37 elementor-widget elementor-widget-image\" data-id=\"a71fc37\" data-element_type=\"widget\" data-e-type=\"widget\" data-widget_type=\"image.default\">\n\t\t\t\t<div class=\"elementor-widget-container\">\n\t\t\t\t\t\t\t\t\t\t\t\t\t\t\t<img decoding=\"async\" src=\"https:\/\/norrestaurant.com\/wp-content\/uploads\/elementor\/thumbs\/Restaurant-Nor_0305-rek2p4wg2fg765agdsgkrvh1vm7scrsqy5g11b6hs0.jpg\" title=\"Restaurant N\u00f8r_0305\" alt=\"Restaurant N\u00f8r\" loading=\"lazy\" \/>\t\t\t\t\t\t\t\t\t\t\t\t\t\t\t<\/div>\n\t\t\t\t<\/div>\n\t\t\t\t\t<\/div>\n\t\t<\/div>\n\t\t\t\t\t<\/div>\n\t\t<\/section>\n\t\t\t\t\t<\/div>\n\t\t<\/div>\n\t\t\t\t\t<\/div>\n\t\t<\/section>\n\t\t\t\t<section class=\"elementor-section elementor-top-section elementor-element elementor-element-0aba23f elementor-section-full_width elementor-section-height-default elementor-section-height-default\" data-id=\"0aba23f\" data-element_type=\"section\" data-e-type=\"section\">\n\t\t\t\t\t\t<div class=\"elementor-container elementor-column-gap-default\">\n\t\t\t\t\t<div class=\"elementor-column elementor-col-100 elementor-top-column elementor-element elementor-element-333d6f5\" data-id=\"333d6f5\" data-element_type=\"column\" data-e-type=\"column\">\n\t\t\t<div class=\"elementor-widget-wrap elementor-element-populated\">\n\t\t\t\t\t\t<section class=\"elementor-section elementor-inner-section elementor-element elementor-element-33b4dbb elementor-section-boxed elementor-section-height-default elementor-section-height-default\" data-id=\"33b4dbb\" data-element_type=\"section\" data-e-type=\"section\">\n\t\t\t\t\t\t<div class=\"elementor-container elementor-column-gap-default\">\n\t\t\t\t\t<div class=\"elementor-column elementor-col-100 elementor-inner-column elementor-element elementor-element-730f946\" data-id=\"730f946\" data-element_type=\"column\" data-e-type=\"column\">\n\t\t\t<div class=\"elementor-widget-wrap elementor-element-populated\">\n\t\t\t\t\t\t<div class=\"elementor-element elementor-element-57db501 contacto elementor-widget elementor-widget-shortcode\" data-id=\"57db501\" data-element_type=\"widget\" data-e-type=\"widget\" data-widget_type=\"shortcode.default\">\n\t\t\t\t<div class=\"elementor-widget-container\">\n\t\t\t\t\t\t\t<div class=\"elementor-shortcode\">\n<div class=\"wpcf7 no-js\" id=\"wpcf7-f1328-o1\" lang=\"es-ES\" dir=\"ltr\" data-wpcf7-id=\"1328\">\n<div class=\"screen-reader-response\"><p role=\"status\" aria-live=\"polite\" aria-atomic=\"true\"><\/p> <ul><\/ul><\/div>\n<form action=\"\/es\/wp-json\/wp\/v2\/pages\/3980#wpcf7-f1328-o1\" method=\"post\" class=\"wpcf7-form init\" aria-label=\"Formulario de contacto\" novalidate=\"novalidate\" data-status=\"init\">\n<fieldset class=\"hidden-fields-container\"><input type=\"hidden\" name=\"_wpcf7\" value=\"1328\" \/><input type=\"hidden\" name=\"_wpcf7_version\" value=\"6.1.5\" \/><input type=\"hidden\" name=\"_wpcf7_locale\" value=\"es_ES\" \/><input type=\"hidden\" name=\"_wpcf7_unit_tag\" value=\"wpcf7-f1328-o1\" \/><input type=\"hidden\" name=\"_wpcf7_container_post\" value=\"0\" \/><input type=\"hidden\" name=\"_wpcf7_posted_data_hash\" value=\"\" \/><input type=\"hidden\" name=\"_wpcf7_recaptcha_response\" value=\"\" \/>\n<\/fieldset>\n<div class=\"row-form\">\n\t<p><span class=\"wpcf7-form-control-wrap\" data-name=\"your-name\"><input size=\"40\" maxlength=\"400\" class=\"wpcf7-form-control wpcf7-text wpcf7-validates-as-required\" autocomplete=\"name\" aria-required=\"true\" aria-invalid=\"false\" placeholder=\"Nombre y apellido\" value=\"\" type=\"text\" name=\"your-name\" \/><\/span>\n\t<\/p>\n\t<p><span class=\"wpcf7-form-control-wrap\" data-name=\"tel-796\"><input size=\"40\" maxlength=\"400\" class=\"wpcf7-form-control wpcf7-tel wpcf7-text wpcf7-validates-as-tel\" aria-invalid=\"false\" placeholder=\"Tel\u00e9fono\" value=\"\" type=\"tel\" name=\"tel-796\" \/><\/span>\n\t<\/p>\n\t<p><span class=\"wpcf7-form-control-wrap\" data-name=\"your-email\"><input size=\"40\" maxlength=\"400\" class=\"wpcf7-form-control wpcf7-email wpcf7-validates-as-required wpcf7-text wpcf7-validates-as-email\" autocomplete=\"email\" aria-required=\"true\" aria-invalid=\"false\" placeholder=\"Email\" value=\"\" type=\"email\" name=\"your-email\" \/><\/span>\n\t<\/p>\n<\/div>\n<div class=\"row-form1\">\n\t<p><span class=\"wpcf7-form-control-wrap\" data-name=\"your-message\"><textarea cols=\"40\" rows=\"10\" maxlength=\"2000\" class=\"wpcf7-form-control wpcf7-textarea\" aria-invalid=\"false\" placeholder=\"\u00bfC\u00f3mo podemos ayudarte? \u00a1Cu\u00e9ntanos qu\u00e9 necesitas!\" name=\"your-message\"><\/textarea><\/span>\n\t<\/p>\n\t<p>Utilizaremos estos datos exclusivamente para atender tu solicitud y para informarte puntualmente de novedades y noticias de inter\u00e9s. No compartimos tus datos con terceros, y en nuestra pol\u00edtica de privacidad encontrar\u00e1s informaci\u00f3n adicional sobre este tratamiento, y sobre la forma de ejercer tus derechos de acceso, rectificaci\u00f3n y supresi\u00f3n, entre otros.\n\t<\/p>\n\t<p><input class=\"wpcf7-form-control wpcf7-submit has-spinner\" type=\"submit\" value=\"Enviar\" \/>\n\t<\/p>\n<\/div><div class=\"wpcf7-response-output\" aria-hidden=\"true\"><\/div>\n<\/form>\n<\/div>\n<\/div>\n\t\t\t\t\t\t<\/div>\n\t\t\t\t<\/div>\n\t\t\t\t\t<\/div>\n\t\t<\/div>\n\t\t\t\t\t<\/div>\n\t\t<\/section>\n\t\t\t\t\t<\/div>\n\t\t<\/div>\n\t\t\t\t\t<\/div>\n\t\t<\/section>\n\t\t\t\t<section class=\"elementor-section elementor-top-section elementor-element elementor-element-51cfcfc elementor-section-full_width elementor-section-stretched elementor-section-height-default elementor-section-height-default\" data-id=\"51cfcfc\" data-element_type=\"section\" data-e-type=\"section\" data-settings=\"{&quot;stretch_section&quot;:&quot;section-stretched&quot;}\">\n\t\t\t\t\t\t<div class=\"elementor-container elementor-column-gap-default\">\n\t\t\t\t\t<div class=\"elementor-column elementor-col-100 elementor-top-column elementor-element elementor-element-8db97c0\" data-id=\"8db97c0\" data-element_type=\"column\" data-e-type=\"column\">\n\t\t\t<div class=\"elementor-widget-wrap elementor-element-populated\">\n\t\t\t\t\t\t<div class=\"elementor-element elementor-element-d7da140 elementor-widget-divider--view-line elementor-widget elementor-widget-divider\" data-id=\"d7da140\" data-element_type=\"widget\" data-e-type=\"widget\" data-widget_type=\"divider.default\">\n\t\t\t\t<div class=\"elementor-widget-container\">\n\t\t\t\t\t\t\t<div class=\"elementor-divider\">\n\t\t\t<span class=\"elementor-divider-separator\">\n\t\t\t\t\t\t<\/span>\n\t\t<\/div>\n\t\t\t\t\t\t<\/div>\n\t\t\t\t<\/div>\n\t\t\t\t\t<\/div>\n\t\t<\/div>\n\t\t\t\t\t<\/div>\n\t\t<\/section>\n\t\t\t\t<\/div>\n\t\t","protected":false},"excerpt":{"rendered":"<p>Eventosy grupos Dos atm\u00f3sferas distintas con un mismo esp\u00edritu: buena cocina, producto de calidad y un ambiente aut\u00e9ntico y rodeado de monta\u00f1as. Ya sea un cumplea\u00f1os, una reuni\u00f3n de negocios o un viaje entre amigos, te ayudamos a crear la experiencia perfecta para tu grupo, ya sea en el Restaurante N\u00f8r como en Sa Terrasseta;&nbsp;el &#8230; <a title=\"NOVA &#8211; Grups i esdeveniments\" class=\"read-more\" href=\"https:\/\/norrestaurant.com\/es\/grupos-eventos\/\" aria-label=\"Leer m\u00e1s sobre NOVA &#8211; Grups i esdeveniments\">Leer m\u00e1s<\/a><\/p>\n","protected":false},"author":3,"featured_media":0,"parent":0,"menu_order":0,"comment_status":"closed","ping_status":"closed","template":"elementor_header_footer","meta":{"footnotes":""},"class_list":["post-3980","page","type-page","status-publish"],"yoast_head":"<!-- This site is optimized with the Yoast SEO plugin v27.4 - https:\/\/yoast.com\/product\/yoast-seo-wordpress\/ -->\n<title>Grupos y eventos | N\u00f8r Restaurante | Sa Terrasseta<\/title>\n<meta name=\"description\" content=\"Organizamos cenas para grupos y eventos a medida. Reuniones de empresa, familiares o amigos. Cont\u00e1ctanos!\" \/>\n<meta name=\"robots\" content=\"index, follow, max-snippet:-1, max-image-preview:large, max-video-preview:-1\" \/>\n<link rel=\"canonical\" href=\"https:\/\/norrestaurant.com\/es\/grupos-eventos\/\" \/>\n<meta property=\"og:locale\" content=\"es_ES\" \/>\n<meta property=\"og:type\" content=\"article\" \/>\n<meta property=\"og:title\" content=\"Grupos y eventos | N\u00f8r Restaurante | Sa Terrasseta\" \/>\n<meta property=\"og:description\" content=\"Organizamos cenas para grupos y eventos a medida. Reuniones de empresa, familiares o amigos. Cont\u00e1ctanos!\" \/>\n<meta property=\"og:url\" content=\"https:\/\/norrestaurant.com\/es\/grupos-eventos\/\" \/>\n<meta property=\"og:site_name\" content=\"N\u00f8r Restaurant | Sa Terrasseta\" \/>\n<meta property=\"article:modified_time\" content=\"2025-11-24T10:49:10+00:00\" \/>\n<meta property=\"og:image\" content=\"https:\/\/norrestaurant.com\/wp-content\/uploads\/elementor\/thumbs\/NOR-estatica-home-1-e1701019422175-qfxtag2vukfy5hlccsfvv18c2o3gssn0so7jkj4z9c.jpg\" \/>\n<meta name=\"twitter:card\" content=\"summary_large_image\" \/>\n<meta name=\"twitter:label1\" content=\"Tiempo de lectura\" \/>\n\t<meta name=\"twitter:data1\" content=\"1 minuto\" \/>\n<script type=\"application\/ld+json\" class=\"yoast-schema-graph\">{\"@context\":\"https:\\\/\\\/schema.org\",\"@graph\":[{\"@type\":\"WebPage\",\"@id\":\"https:\\\/\\\/norrestaurant.com\\\/es\\\/grupos-eventos\\\/\",\"url\":\"https:\\\/\\\/norrestaurant.com\\\/es\\\/grupos-eventos\\\/\",\"name\":\"Grupos y eventos | N\u00f8r Restaurante | Sa Terrasseta\",\"isPartOf\":{\"@id\":\"https:\\\/\\\/norrestaurant.com\\\/#website\"},\"primaryImageOfPage\":{\"@id\":\"https:\\\/\\\/norrestaurant.com\\\/es\\\/grupos-eventos\\\/#primaryimage\"},\"image\":{\"@id\":\"https:\\\/\\\/norrestaurant.com\\\/es\\\/grupos-eventos\\\/#primaryimage\"},\"thumbnailUrl\":\"https:\\\/\\\/norrestaurant.com\\\/wp-content\\\/uploads\\\/elementor\\\/thumbs\\\/NOR-estatica-home-1-e1701019422175-qfxtag2vukfy5hlccsfvv18c2o3gssn0so7jkj4z9c.jpg\",\"datePublished\":\"2025-11-11T13:39:31+00:00\",\"dateModified\":\"2025-11-24T10:49:10+00:00\",\"description\":\"Organizamos cenas para grupos y eventos a medida. Reuniones de empresa, familiares o amigos. Cont\u00e1ctanos!\",\"breadcrumb\":{\"@id\":\"https:\\\/\\\/norrestaurant.com\\\/es\\\/grupos-eventos\\\/#breadcrumb\"},\"inLanguage\":\"es\",\"potentialAction\":[{\"@type\":\"ReadAction\",\"target\":[\"https:\\\/\\\/norrestaurant.com\\\/es\\\/grupos-eventos\\\/\"]}]},{\"@type\":\"ImageObject\",\"inLanguage\":\"es\",\"@id\":\"https:\\\/\\\/norrestaurant.com\\\/es\\\/grupos-eventos\\\/#primaryimage\",\"url\":\"https:\\\/\\\/norrestaurant.com\\\/wp-content\\\/uploads\\\/elementor\\\/thumbs\\\/NOR-estatica-home-1-e1701019422175-qfxtag2vukfy5hlccsfvv18c2o3gssn0so7jkj4z9c.jpg\",\"contentUrl\":\"https:\\\/\\\/norrestaurant.com\\\/wp-content\\\/uploads\\\/elementor\\\/thumbs\\\/NOR-estatica-home-1-e1701019422175-qfxtag2vukfy5hlccsfvv18c2o3gssn0so7jkj4z9c.jpg\"},{\"@type\":\"BreadcrumbList\",\"@id\":\"https:\\\/\\\/norrestaurant.com\\\/es\\\/grupos-eventos\\\/#breadcrumb\",\"itemListElement\":[{\"@type\":\"ListItem\",\"position\":1,\"name\":\"Inici\",\"item\":\"https:\\\/\\\/norrestaurant.com\\\/es\\\/\"},{\"@type\":\"ListItem\",\"position\":2,\"name\":\"NOVA &#8211; Grups i esdeveniments\"}]},{\"@type\":\"WebSite\",\"@id\":\"https:\\\/\\\/norrestaurant.com\\\/#website\",\"url\":\"https:\\\/\\\/norrestaurant.com\\\/\",\"name\":\"N\u00f8r Restaurant | Sa Terasseta\",\"description\":\"Cuina a base de foc, brasa i fum.\",\"publisher\":{\"@id\":\"https:\\\/\\\/norrestaurant.com\\\/#organization\"},\"potentialAction\":[{\"@type\":\"SearchAction\",\"target\":{\"@type\":\"EntryPoint\",\"urlTemplate\":\"https:\\\/\\\/norrestaurant.com\\\/?s={search_term_string}\"},\"query-input\":{\"@type\":\"PropertyValueSpecification\",\"valueRequired\":true,\"valueName\":\"search_term_string\"}}],\"inLanguage\":\"es\"},{\"@type\":\"Organization\",\"@id\":\"https:\\\/\\\/norrestaurant.com\\\/#organization\",\"name\":\"N\u00f8r Restaurant | Sa Terasseta\",\"url\":\"https:\\\/\\\/norrestaurant.com\\\/\",\"logo\":{\"@type\":\"ImageObject\",\"inLanguage\":\"es\",\"@id\":\"https:\\\/\\\/norrestaurant.com\\\/#\\\/schema\\\/logo\\\/image\\\/\",\"url\":\"https:\\\/\\\/norrestaurant.com\\\/wp-content\\\/uploads\\\/2023\\\/08\\\/Logos-Combinats.jpg\",\"contentUrl\":\"https:\\\/\\\/norrestaurant.com\\\/wp-content\\\/uploads\\\/2023\\\/08\\\/Logos-Combinats.jpg\",\"width\":300,\"height\":180,\"caption\":\"N\u00f8r Restaurant | Sa Terasseta\"},\"image\":{\"@id\":\"https:\\\/\\\/norrestaurant.com\\\/#\\\/schema\\\/logo\\\/image\\\/\"},\"sameAs\":[\"https:\\\/\\\/www.instagram.com\\\/sa_terrasseta\",\"https:\\\/\\\/www.instagram.com\\\/norrestaurantandorra\\\/\"]}]}<\/script>\n<!-- \/ Yoast SEO plugin. -->","yoast_head_json":{"title":"Grupos y eventos | N\u00f8r Restaurante | Sa Terrasseta","description":"Organizamos cenas para grupos y eventos a medida. Reuniones de empresa, familiares o amigos. Cont\u00e1ctanos!","robots":{"index":"index","follow":"follow","max-snippet":"max-snippet:-1","max-image-preview":"max-image-preview:large","max-video-preview":"max-video-preview:-1"},"canonical":"https:\/\/norrestaurant.com\/es\/grupos-eventos\/","og_locale":"es_ES","og_type":"article","og_title":"Grupos y eventos | N\u00f8r Restaurante | Sa Terrasseta","og_description":"Organizamos cenas para grupos y eventos a medida. Reuniones de empresa, familiares o amigos. Cont\u00e1ctanos!","og_url":"https:\/\/norrestaurant.com\/es\/grupos-eventos\/","og_site_name":"N\u00f8r Restaurant | Sa Terrasseta","article_modified_time":"2025-11-24T10:49:10+00:00","og_image":[{"url":"https:\/\/norrestaurant.com\/wp-content\/uploads\/elementor\/thumbs\/NOR-estatica-home-1-e1701019422175-qfxtag2vukfy5hlccsfvv18c2o3gssn0so7jkj4z9c.jpg","type":"","width":"","height":""}],"twitter_card":"summary_large_image","twitter_misc":{"Tiempo de lectura":"1 minuto"},"schema":{"@context":"https:\/\/schema.org","@graph":[{"@type":"WebPage","@id":"https:\/\/norrestaurant.com\/es\/grupos-eventos\/","url":"https:\/\/norrestaurant.com\/es\/grupos-eventos\/","name":"Grupos y eventos | N\u00f8r Restaurante | Sa Terrasseta","isPartOf":{"@id":"https:\/\/norrestaurant.com\/#website"},"primaryImageOfPage":{"@id":"https:\/\/norrestaurant.com\/es\/grupos-eventos\/#primaryimage"},"image":{"@id":"https:\/\/norrestaurant.com\/es\/grupos-eventos\/#primaryimage"},"thumbnailUrl":"https:\/\/norrestaurant.com\/wp-content\/uploads\/elementor\/thumbs\/NOR-estatica-home-1-e1701019422175-qfxtag2vukfy5hlccsfvv18c2o3gssn0so7jkj4z9c.jpg","datePublished":"2025-11-11T13:39:31+00:00","dateModified":"2025-11-24T10:49:10+00:00","description":"Organizamos cenas para grupos y eventos a medida. Reuniones de empresa, familiares o amigos. Cont\u00e1ctanos!","breadcrumb":{"@id":"https:\/\/norrestaurant.com\/es\/grupos-eventos\/#breadcrumb"},"inLanguage":"es","potentialAction":[{"@type":"ReadAction","target":["https:\/\/norrestaurant.com\/es\/grupos-eventos\/"]}]},{"@type":"ImageObject","inLanguage":"es","@id":"https:\/\/norrestaurant.com\/es\/grupos-eventos\/#primaryimage","url":"https:\/\/norrestaurant.com\/wp-content\/uploads\/elementor\/thumbs\/NOR-estatica-home-1-e1701019422175-qfxtag2vukfy5hlccsfvv18c2o3gssn0so7jkj4z9c.jpg","contentUrl":"https:\/\/norrestaurant.com\/wp-content\/uploads\/elementor\/thumbs\/NOR-estatica-home-1-e1701019422175-qfxtag2vukfy5hlccsfvv18c2o3gssn0so7jkj4z9c.jpg"},{"@type":"BreadcrumbList","@id":"https:\/\/norrestaurant.com\/es\/grupos-eventos\/#breadcrumb","itemListElement":[{"@type":"ListItem","position":1,"name":"Inici","item":"https:\/\/norrestaurant.com\/es\/"},{"@type":"ListItem","position":2,"name":"NOVA &#8211; Grups i esdeveniments"}]},{"@type":"WebSite","@id":"https:\/\/norrestaurant.com\/#website","url":"https:\/\/norrestaurant.com\/","name":"N\u00f8r Restaurant | Sa Terasseta","description":"Cuina a base de foc, brasa i fum.","publisher":{"@id":"https:\/\/norrestaurant.com\/#organization"},"potentialAction":[{"@type":"SearchAction","target":{"@type":"EntryPoint","urlTemplate":"https:\/\/norrestaurant.com\/?s={search_term_string}"},"query-input":{"@type":"PropertyValueSpecification","valueRequired":true,"valueName":"search_term_string"}}],"inLanguage":"es"},{"@type":"Organization","@id":"https:\/\/norrestaurant.com\/#organization","name":"N\u00f8r Restaurant | Sa Terasseta","url":"https:\/\/norrestaurant.com\/","logo":{"@type":"ImageObject","inLanguage":"es","@id":"https:\/\/norrestaurant.com\/#\/schema\/logo\/image\/","url":"https:\/\/norrestaurant.com\/wp-content\/uploads\/2023\/08\/Logos-Combinats.jpg","contentUrl":"https:\/\/norrestaurant.com\/wp-content\/uploads\/2023\/08\/Logos-Combinats.jpg","width":300,"height":180,"caption":"N\u00f8r Restaurant | Sa Terasseta"},"image":{"@id":"https:\/\/norrestaurant.com\/#\/schema\/logo\/image\/"},"sameAs":["https:\/\/www.instagram.com\/sa_terrasseta","https:\/\/www.instagram.com\/norrestaurantandorra\/"]}]}},"_links":{"self":[{"href":"https:\/\/norrestaurant.com\/es\/wp-json\/wp\/v2\/pages\/3980","targetHints":{"allow":["GET"]}}],"collection":[{"href":"https:\/\/norrestaurant.com\/es\/wp-json\/wp\/v2\/pages"}],"about":[{"href":"https:\/\/norrestaurant.com\/es\/wp-json\/wp\/v2\/types\/page"}],"author":[{"embeddable":true,"href":"https:\/\/norrestaurant.com\/es\/wp-json\/wp\/v2\/users\/3"}],"replies":[{"embeddable":true,"href":"https:\/\/norrestaurant.com\/es\/wp-json\/wp\/v2\/comments?post=3980"}],"version-history":[{"count":4,"href":"https:\/\/norrestaurant.com\/es\/wp-json\/wp\/v2\/pages\/3980\/revisions"}],"predecessor-version":[{"id":4211,"href":"https:\/\/norrestaurant.com\/es\/wp-json\/wp\/v2\/pages\/3980\/revisions\/4211"}],"wp:attachment":[{"href":"https:\/\/norrestaurant.com\/es\/wp-json\/wp\/v2\/media?parent=3980"}],"curies":[{"name":"wp","href":"https:\/\/api.w.org\/{rel}","templated":true}]}}