{"id":1284,"date":"2023-07-24T15:59:58","date_gmt":"2023-07-24T13:59:58","guid":{"rendered":"https:\/\/norrestaurant.com\/?page_id=1284"},"modified":"2025-12-04T11:31:14","modified_gmt":"2025-12-04T09:31:14","slug":"carta-nor","status":"publish","type":"page","link":"https:\/\/norrestaurant.com\/es\/carta-nor\/","title":{"rendered":"Menu N\u00f8r"},"content":{"rendered":"\t\t<div data-elementor-type=\"wp-post\" data-elementor-id=\"1284\" class=\"elementor elementor-1284 elementor-199\">\n\t\t\t\t\t\t<section class=\"elementor-section elementor-top-section elementor-element elementor-element-0aba23f elementor-section-boxed elementor-section-height-default elementor-section-height-default\" data-id=\"0aba23f\" data-element_type=\"section\" data-e-type=\"section\">\n\t\t\t\t\t\t<div class=\"elementor-container elementor-column-gap-default\">\n\t\t\t\t\t<div class=\"elementor-column elementor-col-100 elementor-top-column elementor-element elementor-element-333d6f5\" data-id=\"333d6f5\" data-element_type=\"column\" data-e-type=\"column\">\n\t\t\t<div class=\"elementor-widget-wrap elementor-element-populated\">\n\t\t\t\t\t\t<div class=\"elementor-element elementor-element-8e41721 elementor-widget elementor-widget-heading\" data-id=\"8e41721\" data-element_type=\"widget\" data-e-type=\"widget\" data-widget_type=\"heading.default\">\n\t\t\t\t<div class=\"elementor-widget-container\">\n\t\t\t\t\t<h1 class=\"elementor-heading-title elementor-size-default\">La carta del N\u00f8r<\/h1>\t\t\t\t<\/div>\n\t\t\t\t<\/div>\n\t\t\t\t\t<\/div>\n\t\t<\/div>\n\t\t\t\t\t<\/div>\n\t\t<\/section>\n\t\t\t\t<section class=\"elementor-section elementor-top-section elementor-element elementor-element-89859ef elementor-section-boxed elementor-section-height-default elementor-section-height-default\" data-id=\"89859ef\" data-element_type=\"section\" data-e-type=\"section\">\n\t\t\t\t\t\t<div class=\"elementor-container elementor-column-gap-default\">\n\t\t\t\t\t<div class=\"elementor-column elementor-col-100 elementor-top-column elementor-element elementor-element-6c3f6be\" data-id=\"6c3f6be\" data-element_type=\"column\" data-e-type=\"column\">\n\t\t\t<div class=\"elementor-widget-wrap elementor-element-populated\">\n\t\t\t\t\t\t<section class=\"elementor-section elementor-inner-section elementor-element elementor-element-51e0a0c elementor-section-boxed elementor-section-height-default elementor-section-height-default\" data-id=\"51e0a0c\" data-element_type=\"section\" data-e-type=\"section\">\n\t\t\t\t\t\t<div class=\"elementor-container elementor-column-gap-default\">\n\t\t\t\t\t<div class=\"elementor-column elementor-col-50 elementor-inner-column elementor-element elementor-element-035ed81\" data-id=\"035ed81\" data-element_type=\"column\" data-e-type=\"column\">\n\t\t\t<div class=\"elementor-widget-wrap elementor-element-populated\">\n\t\t\t\t\t\t<div class=\"elementor-element elementor-element-d4686a9 elementor-widget elementor-widget-text-editor\" data-id=\"d4686a9\" data-element_type=\"widget\" data-e-type=\"widget\" data-widget_type=\"text-editor.default\">\n\t\t\t\t<div class=\"elementor-widget-container\">\n\t\t\t\t\t\t\t\t\t<p>Un Smokehouse aut\u00e9ntico en Andorra. Cocina exclusiva con le\u00f1a y humo con productos de KM0 y de temporada.&nbsp;&nbsp;<\/p>\t\t\t\t\t\t\t\t<\/div>\n\t\t\t\t<\/div>\n\t\t\t\t\t<\/div>\n\t\t<\/div>\n\t\t\t\t<div class=\"elementor-column elementor-col-50 elementor-inner-column elementor-element elementor-element-746f199\" data-id=\"746f199\" data-element_type=\"column\" data-e-type=\"column\">\n\t\t\t<div class=\"elementor-widget-wrap elementor-element-populated\">\n\t\t\t\t\t\t<div class=\"elementor-element elementor-element-8c694ae elementor-widget elementor-widget-button\" data-id=\"8c694ae\" data-element_type=\"widget\" data-e-type=\"widget\" data-widget_type=\"button.default\">\n\t\t\t\t<div class=\"elementor-widget-container\">\n\t\t\t\t\t\t\t\t\t<div class=\"elementor-button-wrapper\">\n\t\t\t\t\t<a class=\"elementor-button elementor-button-link elementor-size-sm\" href=\"https:\/\/api.whatsapp.com\/send\/?phone=376851009&#038;text&#038;type=phone_number&#038;app_absent=0\">\n\t\t\t\t\t\t<span class=\"elementor-button-content-wrapper\">\n\t\t\t\t\t\t\t\t\t<span class=\"elementor-button-text\">Reserva por Whatsapp<\/span>\n\t\t\t\t\t<\/span>\n\t\t\t\t\t<\/a>\n\t\t\t\t<\/div>\n\t\t\t\t\t\t\t\t<\/div>\n\t\t\t\t<\/div>\n\t\t\t\t\t<\/div>\n\t\t<\/div>\n\t\t\t\t\t<\/div>\n\t\t<\/section>\n\t\t\t\t<div class=\"elementor-element elementor-element-57db501 elementor-widget elementor-widget-shortcode\" data-id=\"57db501\" data-element_type=\"widget\" data-e-type=\"widget\" data-widget_type=\"shortcode.default\">\n\t\t\t\t<div class=\"elementor-widget-container\">\n\t\t\t\t\t\t\t<div class=\"elementor-shortcode\"><div class=\"_df_book df-lite\" id=\"df_196\"  _slug=\"carta-nor\" data-title=\"carta-nor-es\" wpoptions=\"true\" thumbtype=\"\" ><\/div><script class=\"df-shortcode-script\" nowprocket type=\"application\/javascript\">window.option_df_196 = {\"outline\":[],\"autoEnableOutline\":\"false\",\"autoEnableThumbnail\":\"false\",\"overwritePDFOutline\":\"false\",\"direction\":\"1\",\"pageSize\":\"0\",\"source\":\"https:\\\/\\\/norrestaurant.com\\\/wp-content\\\/uploads\\\/2024\\\/12\\\/CA-ES-NOR-hivern-GENER-26.pdf\",\"wpOptions\":\"true\"}; if(window.DFLIP && window.DFLIP.parseBooks){window.DFLIP.parseBooks();}<\/script>\n<\/div>\n\t\t\t\t\t\t<\/div>\n\t\t\t\t<\/div>\n\t\t\t\t\t<\/div>\n\t\t<\/div>\n\t\t\t\t\t<\/div>\n\t\t<\/section>\n\t\t\t\t<section class=\"elementor-section elementor-top-section elementor-element elementor-element-1ac1540 elementor-section-full_width elementor-section-stretched elementor-section-height-default elementor-section-height-default\" data-id=\"1ac1540\" data-element_type=\"section\" data-e-type=\"section\" data-settings=\"{&quot;stretch_section&quot;:&quot;section-stretched&quot;}\">\n\t\t\t\t\t\t<div class=\"elementor-container elementor-column-gap-default\">\n\t\t\t\t\t<div class=\"elementor-column elementor-col-100 elementor-top-column elementor-element elementor-element-92c8ea2\" data-id=\"92c8ea2\" data-element_type=\"column\" data-e-type=\"column\">\n\t\t\t<div class=\"elementor-widget-wrap elementor-element-populated\">\n\t\t\t\t\t\t<div class=\"elementor-element elementor-element-8f9f651 elementor-widget-divider--view-line elementor-widget elementor-widget-divider\" data-id=\"8f9f651\" data-element_type=\"widget\" data-e-type=\"widget\" data-widget_type=\"divider.default\">\n\t\t\t\t<div class=\"elementor-widget-container\">\n\t\t\t\t\t\t\t<div class=\"elementor-divider\">\n\t\t\t<span class=\"elementor-divider-separator\">\n\t\t\t\t\t\t<\/span>\n\t\t<\/div>\n\t\t\t\t\t\t<\/div>\n\t\t\t\t<\/div>\n\t\t\t\t\t<\/div>\n\t\t<\/div>\n\t\t\t\t\t<\/div>\n\t\t<\/section>\n\t\t\t\t<\/div>\n\t\t","protected":false},"excerpt":{"rendered":"<p>La carta del N\u00f8r Un Smokehouse aut\u00e9ntico en Andorra. Cocina exclusiva con le\u00f1a y humo con productos de KM0 y de temporada.&nbsp;&nbsp; Reserva por Whatsapp<\/p>\n","protected":false},"author":8,"featured_media":0,"parent":0,"menu_order":0,"comment_status":"closed","ping_status":"closed","template":"elementor_header_footer","meta":{"footnotes":""},"class_list":["post-1284","page","type-page","status-publish"],"yoast_head":"<!-- This site is optimized with the Yoast SEO plugin v27.3 - https:\/\/yoast.com\/product\/yoast-seo-wordpress\/ -->\n<title>Nuestra carta | N\u00f8r Restaurant<\/title>\n<meta name=\"description\" content=\"Consulta la carta de N\u00f8r Restaurant. Especialidades ahumadas y a la brasa: ahumados noruegos y carnes del Pirineo hechos a la le\u00f1a.\" \/>\n<meta name=\"robots\" content=\"index, follow, max-snippet:-1, max-image-preview:large, max-video-preview:-1\" \/>\n<link rel=\"canonical\" href=\"https:\/\/norrestaurant.com\/es\/carta-nor\/\" \/>\n<meta property=\"og:locale\" content=\"es_ES\" \/>\n<meta property=\"og:type\" content=\"article\" \/>\n<meta property=\"og:title\" content=\"Nuestra carta | N\u00f8r Restaurant\" \/>\n<meta property=\"og:description\" content=\"Consulta la carta de N\u00f8r Restaurant. Especialidades ahumadas y a la brasa: ahumados noruegos y carnes del Pirineo hechos a la le\u00f1a.\" \/>\n<meta property=\"og:url\" content=\"https:\/\/norrestaurant.com\/es\/carta-nor\/\" \/>\n<meta property=\"og:site_name\" content=\"N\u00f8r Restaurant | Sa Terrasseta\" \/>\n<meta property=\"article:modified_time\" content=\"2025-12-04T09:31:14+00:00\" \/>\n<meta name=\"twitter:card\" content=\"summary_large_image\" \/>\n<meta name=\"twitter:label1\" content=\"Tiempo de lectura\" \/>\n\t<meta name=\"twitter:data1\" content=\"1 minuto\" \/>\n<script type=\"application\/ld+json\" class=\"yoast-schema-graph\">{\"@context\":\"https:\\\/\\\/schema.org\",\"@graph\":[{\"@type\":\"WebPage\",\"@id\":\"https:\\\/\\\/norrestaurant.com\\\/es\\\/carta-nor\\\/\",\"url\":\"https:\\\/\\\/norrestaurant.com\\\/es\\\/carta-nor\\\/\",\"name\":\"Nuestra carta | N\u00f8r Restaurant\",\"isPartOf\":{\"@id\":\"https:\\\/\\\/norrestaurant.com\\\/#website\"},\"datePublished\":\"2023-07-24T13:59:58+00:00\",\"dateModified\":\"2025-12-04T09:31:14+00:00\",\"description\":\"Consulta la carta de N\u00f8r Restaurant. Especialidades ahumadas y a la brasa: ahumados noruegos y carnes del Pirineo hechos a la le\u00f1a.\",\"breadcrumb\":{\"@id\":\"https:\\\/\\\/norrestaurant.com\\\/es\\\/carta-nor\\\/#breadcrumb\"},\"inLanguage\":\"es\",\"potentialAction\":[{\"@type\":\"ReadAction\",\"target\":[\"https:\\\/\\\/norrestaurant.com\\\/es\\\/carta-nor\\\/\"]}]},{\"@type\":\"BreadcrumbList\",\"@id\":\"https:\\\/\\\/norrestaurant.com\\\/es\\\/carta-nor\\\/#breadcrumb\",\"itemListElement\":[{\"@type\":\"ListItem\",\"position\":1,\"name\":\"Inici\",\"item\":\"https:\\\/\\\/norrestaurant.com\\\/es\\\/\"},{\"@type\":\"ListItem\",\"position\":2,\"name\":\"Menu N\u00f8r\"}]},{\"@type\":\"WebSite\",\"@id\":\"https:\\\/\\\/norrestaurant.com\\\/#website\",\"url\":\"https:\\\/\\\/norrestaurant.com\\\/\",\"name\":\"N\u00f8r Restaurant | Sa Terasseta\",\"description\":\"Cuina a base de foc, brasa i fum.\",\"publisher\":{\"@id\":\"https:\\\/\\\/norrestaurant.com\\\/#organization\"},\"potentialAction\":[{\"@type\":\"SearchAction\",\"target\":{\"@type\":\"EntryPoint\",\"urlTemplate\":\"https:\\\/\\\/norrestaurant.com\\\/?s={search_term_string}\"},\"query-input\":{\"@type\":\"PropertyValueSpecification\",\"valueRequired\":true,\"valueName\":\"search_term_string\"}}],\"inLanguage\":\"es\"},{\"@type\":\"Organization\",\"@id\":\"https:\\\/\\\/norrestaurant.com\\\/#organization\",\"name\":\"N\u00f8r Restaurant | Sa Terasseta\",\"url\":\"https:\\\/\\\/norrestaurant.com\\\/\",\"logo\":{\"@type\":\"ImageObject\",\"inLanguage\":\"es\",\"@id\":\"https:\\\/\\\/norrestaurant.com\\\/#\\\/schema\\\/logo\\\/image\\\/\",\"url\":\"https:\\\/\\\/norrestaurant.com\\\/wp-content\\\/uploads\\\/2023\\\/08\\\/Logos-Combinats.jpg\",\"contentUrl\":\"https:\\\/\\\/norrestaurant.com\\\/wp-content\\\/uploads\\\/2023\\\/08\\\/Logos-Combinats.jpg\",\"width\":300,\"height\":180,\"caption\":\"N\u00f8r Restaurant | Sa Terasseta\"},\"image\":{\"@id\":\"https:\\\/\\\/norrestaurant.com\\\/#\\\/schema\\\/logo\\\/image\\\/\"},\"sameAs\":[\"https:\\\/\\\/www.instagram.com\\\/sa_terrasseta\",\"https:\\\/\\\/www.instagram.com\\\/norrestaurantandorra\\\/\"]}]}<\/script>\n<!-- \/ Yoast SEO plugin. -->","yoast_head_json":{"title":"Nuestra carta | N\u00f8r Restaurant","description":"Consulta la carta de N\u00f8r Restaurant. Especialidades ahumadas y a la brasa: ahumados noruegos y carnes del Pirineo hechos a la le\u00f1a.","robots":{"index":"index","follow":"follow","max-snippet":"max-snippet:-1","max-image-preview":"max-image-preview:large","max-video-preview":"max-video-preview:-1"},"canonical":"https:\/\/norrestaurant.com\/es\/carta-nor\/","og_locale":"es_ES","og_type":"article","og_title":"Nuestra carta | N\u00f8r Restaurant","og_description":"Consulta la carta de N\u00f8r Restaurant. Especialidades ahumadas y a la brasa: ahumados noruegos y carnes del Pirineo hechos a la le\u00f1a.","og_url":"https:\/\/norrestaurant.com\/es\/carta-nor\/","og_site_name":"N\u00f8r Restaurant | Sa Terrasseta","article_modified_time":"2025-12-04T09:31:14+00:00","twitter_card":"summary_large_image","twitter_misc":{"Tiempo de lectura":"1 minuto"},"schema":{"@context":"https:\/\/schema.org","@graph":[{"@type":"WebPage","@id":"https:\/\/norrestaurant.com\/es\/carta-nor\/","url":"https:\/\/norrestaurant.com\/es\/carta-nor\/","name":"Nuestra carta | N\u00f8r Restaurant","isPartOf":{"@id":"https:\/\/norrestaurant.com\/#website"},"datePublished":"2023-07-24T13:59:58+00:00","dateModified":"2025-12-04T09:31:14+00:00","description":"Consulta la carta de N\u00f8r Restaurant. Especialidades ahumadas y a la brasa: ahumados noruegos y carnes del Pirineo hechos a la le\u00f1a.","breadcrumb":{"@id":"https:\/\/norrestaurant.com\/es\/carta-nor\/#breadcrumb"},"inLanguage":"es","potentialAction":[{"@type":"ReadAction","target":["https:\/\/norrestaurant.com\/es\/carta-nor\/"]}]},{"@type":"BreadcrumbList","@id":"https:\/\/norrestaurant.com\/es\/carta-nor\/#breadcrumb","itemListElement":[{"@type":"ListItem","position":1,"name":"Inici","item":"https:\/\/norrestaurant.com\/es\/"},{"@type":"ListItem","position":2,"name":"Menu N\u00f8r"}]},{"@type":"WebSite","@id":"https:\/\/norrestaurant.com\/#website","url":"https:\/\/norrestaurant.com\/","name":"N\u00f8r Restaurant | Sa Terasseta","description":"Cuina a base de foc, brasa i fum.","publisher":{"@id":"https:\/\/norrestaurant.com\/#organization"},"potentialAction":[{"@type":"SearchAction","target":{"@type":"EntryPoint","urlTemplate":"https:\/\/norrestaurant.com\/?s={search_term_string}"},"query-input":{"@type":"PropertyValueSpecification","valueRequired":true,"valueName":"search_term_string"}}],"inLanguage":"es"},{"@type":"Organization","@id":"https:\/\/norrestaurant.com\/#organization","name":"N\u00f8r Restaurant | Sa Terasseta","url":"https:\/\/norrestaurant.com\/","logo":{"@type":"ImageObject","inLanguage":"es","@id":"https:\/\/norrestaurant.com\/#\/schema\/logo\/image\/","url":"https:\/\/norrestaurant.com\/wp-content\/uploads\/2023\/08\/Logos-Combinats.jpg","contentUrl":"https:\/\/norrestaurant.com\/wp-content\/uploads\/2023\/08\/Logos-Combinats.jpg","width":300,"height":180,"caption":"N\u00f8r Restaurant | Sa Terasseta"},"image":{"@id":"https:\/\/norrestaurant.com\/#\/schema\/logo\/image\/"},"sameAs":["https:\/\/www.instagram.com\/sa_terrasseta","https:\/\/www.instagram.com\/norrestaurantandorra\/"]}]}},"_links":{"self":[{"href":"https:\/\/norrestaurant.com\/es\/wp-json\/wp\/v2\/pages\/1284","targetHints":{"allow":["GET"]}}],"collection":[{"href":"https:\/\/norrestaurant.com\/es\/wp-json\/wp\/v2\/pages"}],"about":[{"href":"https:\/\/norrestaurant.com\/es\/wp-json\/wp\/v2\/types\/page"}],"author":[{"embeddable":true,"href":"https:\/\/norrestaurant.com\/es\/wp-json\/wp\/v2\/users\/8"}],"replies":[{"embeddable":true,"href":"https:\/\/norrestaurant.com\/es\/wp-json\/wp\/v2\/comments?post=1284"}],"version-history":[{"count":55,"href":"https:\/\/norrestaurant.com\/es\/wp-json\/wp\/v2\/pages\/1284\/revisions"}],"predecessor-version":[{"id":4462,"href":"https:\/\/norrestaurant.com\/es\/wp-json\/wp\/v2\/pages\/1284\/revisions\/4462"}],"wp:attachment":[{"href":"https:\/\/norrestaurant.com\/es\/wp-json\/wp\/v2\/media?parent=1284"}],"curies":[{"name":"wp","href":"https:\/\/api.w.org\/{rel}","templated":true}]}}